{"id":15616,"date":"2022-05-02T18:26:51","date_gmt":"2022-05-03T01:26:51","guid":{"rendered":"https:\/\/www.lomixto.com\/blog\/?page_id=15616"},"modified":"2022-05-02T18:28:53","modified_gmt":"2022-05-03T01:28:53","slug":"aviso-de-privacidad","status":"publish","type":"page","link":"https:\/\/www.lomixto.com\/blog\/aviso-de-privacidad\/","title":{"rendered":"Aviso de Privacidad"},"content":{"rendered":"<h3><strong>RESPONSABLE DE LOS DATOS PERSONALES.<\/strong><\/h3>\n<p>\u201cCasaCreala Digital Media\u201d (en adelante \u201ccasacreala\u201d) con domicilio en Republica de Panama 402, Col Cuauhtemoc Sur, Mexicali, B.C., tiene la convicci\u00f3n de proteger la informaci\u00f3n personal proporcionada por sus usuarios (en adelante \u201cDatos Personales\u201d) y es el responsable de su Tratamiento (t\u00e9rmino que se define m\u00e1s adelante) cuando sean recabados a trav\u00e9s del sitio de Internet www.casacreala.com (en adelante el \u201cSitio\u201d), www.creala.tv, www.lomixto.com y www.talentos.xyz medios impresos y\/o v\u00eda telef\u00f3nica (en adelante \u201cOtros Medios\u201d).<\/p>\n<h3><strong>FINALIDAD DEL TRATAMIENTO.<\/strong><\/h3>\n<p>Casacreala podr\u00e1 solicitar y\/o recabar a trav\u00e9s del Sitio y Otros Medios, Datos Personales de los usuarios para los fines abajo se\u00f1alados; as\u00ed como para dar cumplimiento con disposiciones legales que as\u00ed lo requieran, o bien, cuando sea solicitado por autoridades competentes (en adelante \u201cTratamiento\u201d). Casacreala y\/o cualquier tercero que llegue a intervenir en cualquier fase del Tratamiento de Datos Personales, guardar\u00e1 confidencialidad respecto de los mismos cuando tengan dicho car\u00e1cter, conforme a las disposiciones legales aplicables en los Estados Unidos Mexicanos (en adelante \u201cM\u00e9xico\u201d). Los Datos Personales que los usuarios proporcionen al momento de su ingreso y\/o registro al Sitio tienen como finalidad (i) hacer posible que diversos anunciantes promuevan sus productos y\/o servicios; (ii) as\u00ed como generar bases de datos que seutilizar\u00e1n con fines comerciales, de publicidad y promoci\u00f3n.<\/p>\n<h3><strong>DATOS PERSONALES A RECABAR.<\/strong><\/h3>\n<p>Los Datos Personales que se solicitan del usuario son:<\/p>\n<ul>\n<li>Nombre (parcial o completo)<\/li>\n<li>Correo Electr\u00f3nico<\/li>\n<li>Edad<\/li>\n<li>Ciudad de residencia<\/li>\n<\/ul>\n<p>\u2022 Otros datos personales que lo podr\u00edan identificar directa o indirectamente.<\/p>\n<p>Todo lo que probablemente se considere como datos personales, los proporciona\u00a0usted directamente cuando:<\/p>\n<p>1- Adquiera,\u00a0 contrate\u00a0 o\u00a0 se\u00a0 beneficie\u00a0 de\u00a0 alguno\u00a0 de\u00a0 nuestros\u00a0 servicios\u00a0 (p.ej.:\u00a0informaci\u00f3n\u00a0 de\u00a0 facturaci\u00f3n,\u00a0 incluido\u00a0 nombre,\u00a0 la\u00a0 direcci\u00f3n,\u00a0 informaci\u00f3n\u00a0 de\u00a0pago, identificaci\u00f3n oficial, etc.).<\/p>\n<p>2- Contacte\u00a0 a\u00a0 nuestro\u00a0 equipo\u00a0 a\u00a0 trav\u00e9s\u00a0 de\u00a0 alguno\u00a0 de\u00a0 los\u00a0 m\u00e9todos\u00a0 de\u00a0 contacto\u00a0indicados en nuestra p\u00e1gina web (p.ej.: n\u00famero telef\u00f3nico).<\/p>\n<p>3- Complete formularios de contacto, solicite informaci\u00f3n de servicio y\/o\u00a0cotizaciones por servicios (p.ej.: correo electr\u00f3nico).<\/p>\n<p>Sin embargo, tambi\u00e9n recolectamos informaci\u00f3n adicional cuando proporcionamos\u00a0nuestros servicios, con la intenci\u00f3n de garantizar un desempe\u00f1o adecuado y \u00f3ptimo.\u00a0Posiblemente los m\u00e9todos de obtenci\u00f3n de dicha informaci\u00f3n adicional no sean tan\u00a0obvios y, por tal motivo, nos gustar\u00eda compartir con usted y explicarle algunos de\u00a0estos\u00a0 m\u00e9todos\u00a0 ya\u00a0 que\u00a0 normalmente\u00a0 cambian\u00a0 de\u00a0 acuerdo\u00a0 al\u00a0 tipo\u00a0 de\u00a0 servicio\u00a0contratado.<\/p>\n<p>El\u00a0 principal\u00a0 servicio\u00a0 que\u00a0 ofrecemos\u00a0 es\u00a0 la\u00a0 construcci\u00f3n\u00a0 de\u00a0 plataformas\u00a0 web\u00a0 para\u00a0consumo de video (en vivo y\/o bajo demanda), y es a trav\u00e9s de este servicio donde\u00a0se recolecta la mayor parte de datos personales; por lo tanto, consideramos de vital\u00a0importancia que usted conozca los datos que recolectamos sobre los usuarios de\u00a0dichas plataformas de la siguiente manera:<\/p>\n<h4><strong>MEDIOS PARA LIMITAR EL USO O DIVULGACI\u00d3N DE DATOS PERSONALES.<\/strong><\/h4>\n<p>Casacreala cuenta con medidas f\u00edsicas, t\u00e9cnicas y administrativas de seguridad para la protecci\u00f3n de Datos Personales proporcionados por los usuarios. No obstante lo se\u00f1alado en el apartado de Consentimiento, casacreala tomar\u00e1 las acciones, medidas y previsiones especiales que considere necesarias, a fin de salvaguardar el derecho a la protecci\u00f3n de Datos Personales de menores de edad e incapaces. Si usted desea dejar de recibir mensajes promocionales v\u00eda correo electr\u00f3nico y\/o de forma impresa y\/o v\u00eda telef\u00f3nica por parte de casacreala puede solicitarlo a trav\u00e9s de:\u00a0legal@casacreala.com<\/p>\n<h3><strong>EXCLUSI\u00d3N DE RESPONSABILIDAD DEL SITIO.<\/strong><\/h3>\n<p>El Sitio podr\u00eda contener hiperv\u00ednculos o hipertextos \u201clinks\u201d, banners, botones y\/o herramientas de b\u00fasquedas en la \u201cWorld Wide Web\u201d que al ser utilizados por los usuarios transportan a otros portales o sitios de Internet que podr\u00edan ser propiedad de terceros. Los Datos Personales que los usuarios llegaren a proporcionar a trav\u00e9s de estos portales o sitios de Internet no se encuentran contemplados por este Aviso de Privacidad y su Tratamiento no es responsabilidad de Casacreala. Recomendamos a los usuarios verificar los Avisos de Privacidad desplegados y aplicables a estos portales y sitios de Internet. Los usuarios podr\u00e1n encontrar dentro del Sitio, p\u00e1ginas, promociones, micrositios, tiendas virtuales, encuestas, bolsas de trabajo y otros servicios que pueden estar compartidos con terceros y que podr\u00edan solicitar sus Datos Personales (en adelante \u201cSitios de Terceros\u201d). Cualquier informaci\u00f3n relacionada con los Datos Personales que se proporcionen a trav\u00e9s de los Sitios de Terceros se sujetar\u00e1 a los respectivos avisos de privacidad que se contengan en cada uno de ellos, salvo que Casacreala se\u00f1ale lo contrario.<\/p>\n<p>Casacreala advierte a sus usuarios que algunos servicios del Sitio podr\u00edan incluir, de manera enunciativa m\u00e1s no limitativa, foros de discusi\u00f3n, p\u00e1ginas de Internet personales, avisos clasificados, correos electr\u00f3nicos, salas de chat, entre otros. Por lo tanto, los Datos Personales que se revelen a trav\u00e9s de dichos medios podr\u00edan en algunos casos ser accesibles por terceras personas. Casacreala no ser\u00e1 responsable por el uso, publicaci\u00f3n, revelaci\u00f3n y\/o divulgaci\u00f3n que se haga respecto de los Datos Personales usados, publicados, revelados y\/o divulgados a trav\u00e9s de los medios antes enunciados. Recomendamos a los usuarios ser cuidadosos y responsables sobre toda informaci\u00f3n de car\u00e1cter personal que proporcionen en dichos medios.<\/p>\n<h3><strong>TRANSFERENCIA DE DATOS PERSONALES.<\/strong><\/h3>\n<p>Casacreala podr\u00e1, sin consentimiento del titular, revelar, divulgar y\/o transferir dentro y fuera del pa\u00eds los Datos Personales proporcionados por los usuarios, a sus empresas filiales, subsidiarias y\/o relacionadas, as\u00ed como para dar cumplimiento con disposiciones legales que as\u00ed lo requieran, o bien cuando sea solicitado por autoridades competentes.<\/p>\n<p>De igual forma podr\u00e1 revelar, divulgar y\/o transferir dentro y fuera del pa\u00eds los Datos Personales a proveedores, patrocinadores, publicistas, contratistas y\/o socios para fines comerciales, como proporcionar datos estad\u00edsticos a anunciantes potenciales, enviar publicidad a los usuarios de acuerdo con sus intereses espec\u00edficos y conducir investigaciones de mercado. Los terceros que reciban la informaci\u00f3n relacionada con los Datos Personales de los usuarios est\u00e1n obligados a cumplir con lo previsto en este Aviso de Privacidad, as\u00ed como con los T\u00e9rminos y Condiciones del Sitio y de la legislaci\u00f3n aplicable en M\u00e9xico. El titular de los Datos Personales podr\u00e1 otorgar su consentimiento a la transferencia de sus Datos Personales en los t\u00e9rminos descritos en el presente Aviso al momento de registrarse al Sitio.<\/p>\n<h4><strong>MEDIOS PARA EJERCER LOS DERECHOS DE LOS TITULARES DE DATOS PERSONALES Y REVOCACI\u00d3N DEL CONSENTIMIENTO.<\/strong><\/h4>\n<p>Los usuarios podr\u00e1n solicitar el ejercicio de sus derechos a:<\/p>\n<ul>\n<li>Acceder a sus Datos Personales;<\/li>\n<li>Rectificar sus Datos Personales cuando sean inexactos o incompletos;<\/li>\n<li>Cancelar sus Datos Personales;<\/li>\n<li>Oponerse por causa leg\u00edtima al Tratamiento de sus Datos Personales, y\/o<\/li>\n<li>Revocar su consentimiento para el Tratamiento de sus Datos Personales en cualquier momento, a fin de que se deje de hacer uso de los mismos.<\/li>\n<\/ul>\n<p>Sin embargo es importante que tenga en cuenta que no en todos los casos podremos atender su solicitud para cancelar sus Datos Personales, oponerse al Tratamiento o revocar su consentimiento, ya que es posible que por alguna obligaci\u00f3n legal requiramos seguir tratando sus Datos Personales. El usuario deber\u00e1 considerar que para ciertos fines, la revocaci\u00f3n de su consentimiento implicar\u00e1 la suspensi\u00f3n del servicio o la conclusi\u00f3n de su relaci\u00f3n con casacreala. El ejercicio de los derechos de Acceso, Rectificaci\u00f3n, Cancelaci\u00f3n u Oposici\u00f3n de Datos Personales y Revocaci\u00f3n del consentimiento que realicen los usuarios deber\u00e1 realizarse previa solicitud a casacreala y contener al menos lo siguiente:<\/p>\n<p>El nombre del titular, domicilio y correo electr\u00f3nico para comunicarle la respuesta a su solicitud;<\/p>\n<p>Los documentos que acrediten la identidad o, en su caso, la representaci\u00f3n legal del titular;<\/p>\n<p>La descripci\u00f3n clara y precisa de los Datos Personales respecto de los que se busca ejercer alguno de los derechos antes mencionados (en el caso de rectificaci\u00f3n se deber\u00e1 indicar las modificaciones a realizar y aportar la documentaci\u00f3n que sustente su petici\u00f3n);<\/p>\n<p>Cualquier otro elemento o documento que facilite la localizaci\u00f3n de los Datos Personales.<\/p>\n<p>Para efecto de lo anterior casacreala pone a disposici\u00f3n de los usuarios el siguiente correo electr\u00f3nico:\u00a0legal@casacreala.com<\/p>\n<p>Casacreala dar\u00e1 respuesta a la solicitud de los usuarios en un plazo no mayor a 30 d\u00edas h\u00e1biles contados a partir de la fecha en que reciba la petici\u00f3n correspondiente, a trav\u00e9s del correo electr\u00f3nico que haya sido proporcionado para tal efecto. El ejercicio por parte de los usuarios de los derechos antes mencionados deber\u00e1 sujetarse a las leyes y reglamentos aplicables vigentes en M\u00e9xico.<\/p>\n<h3><strong>COOKIES Y WEB BEACONS.<\/strong><\/h3>\n<p>Con el objetivo de mejorar la experiencia de sus usuarios en el Sitio, casacreala podr\u00e1 utilizar \u201ccookies\u201d. Para efectos del presente Aviso de Privacidad \u201ccookies\u201d se identificar\u00e1 como los archivos de texto de informaci\u00f3n que un sitio web transfiere al disco duro de la computadora de los usuarios con el objeto de almacenar ciertos registros y preferencias. casacrealapuede utilizar \u201ccookies\u201d para mejor entendimiento de la interacci\u00f3n de los usuarios con el Sitio y los servicios que se proporcionan. El Sitio puede permitir publicidad o funciones de terceros que env\u00eden \u201ccookies\u201d a las computadoras de los usuarios. Mediante el uso de \u201ccookies\u201d no se identifica personalmente a los usuarios, \u00fanicamente a sus computadoras.<\/p>\n<p>Por su parte las \u201cweb beacons\u201d son im\u00e1genes insertadas en una p\u00e1gina de Internet o correo electr\u00f3nico que pueden ser utilizadas para monitorear el comportamiento de un visitante, como almacenar informaci\u00f3n sobre la direcci\u00f3n IP del usuario, horario de navegaci\u00f3n, duraci\u00f3n del tiempo de interacci\u00f3n en el Sitio, secciones consultadas, p\u00e1ginas de Internet accedidas previo a la nuestra y el tipo de navegador utilizado. Los usuarios podr\u00e1n cambiar sus opciones a trav\u00e9s de sus equipos de c\u00f3mputo y\/o navegadores para dejar de aceptar \u201ccookies\u201d y\/o \u201cweb beacons\u201d o bien confirmar si aceptan o no las mismas.<\/p>\n<h3><strong>DATOS PERSONALES SENSIBLES.<\/strong><\/h3>\n<p>De conformidad con la legislaci\u00f3n mexicana vigente, se conocen como \u201cDatos Personales Sensibles\u201d a \u201caquellos que puedan revelar aspectos como origen racial o \u00e9tnico, estado de salud presente y futuro, informaci\u00f3n gen\u00e9tica, creencias religiosas, filos\u00f3ficas y\/o morales, afiliaci\u00f3n sindical, opiniones pol\u00edticas, preferencia sexual\u201d.<\/p>\n<p>En caso de que casacreala llegue a requerir Datos Personales Sensibles de los usuarios, estos deber\u00e1n proporcionar su consentimiento expreso.<\/p>\n<h2>\u00bfPara qu\u00e9 se fines utilizaremos sus datos personales?<\/h2>\n<p>Los datos del solicitante\/contratante (en lo sucesivo \u201ccliente\u201d) de los servicios son\u00a0utilizados principalmente para cuestiones comerciales, resumi\u00e9ndose a las\u00a0siguientes finalidades:<\/p>\n<p>\u2022 Prestaci\u00f3n de nuestros servicios profesionales.<\/p>\n<p>\u2022 Envi\u00f3 de material publicitario de nuestro servicio.<\/p>\n<p>\u2022 Prospecci\u00f3n comercial.<\/p>\n<p>Los\u00a0 datos\u00a0 de\u00a0 los\u00a0 usuarios\u00a0 de\u00a0 los\u00a0 servicios\u00a0 contratados\u00a0 por\u00a0 el\u00a0 cliente\u00a0 se\u00a0 utilizan\u00a0\u00fanicamente para fines relacionados con la entrega del servicio que fue contratado,\u00a0y\u00a0 su\u00a0 tratamiento\u00a0 es\u00a0 indicado\u00a0 de\u00a0 manera\u00a0 expresa\u00a0 por\u00a0 el\u00a0 cliente,\u00a0 y\u00a0 las\u00a0 decisiones\u00a0tomadas sobre los datos en cuesti\u00f3n quedan a su completa responsabilidad.<\/p>\n<h3><strong>CAMBIOS AL AVISO DE PRIVACIDAD.<\/strong><\/h3>\n<p>Casacreala se reserva el derecho de modificar en cualquier momento el contenido del presente Aviso de Privacidad. Cualquier cambio en el Aviso de Privacidad le ser\u00e1 informado a sus usuarios a trav\u00e9s del Sitio. Una vez que se publique el Aviso de Privacidad en el Sitio entrar\u00e1 en vigor autom\u00e1ticamente. La fecha de \u00faltima actualizaci\u00f3n del presente aviso es el 1 de abril de 2022.<\/p>\n","protected":false},"excerpt":{"rendered":"<p>RESPONSABLE DE LOS DATOS PERSONALES. \u201cCasaCreala Digital Media\u201d (en adelante \u201ccasacreala\u201d) con domicilio en Republica de Panama 402, Col Cuauhtemoc Sur, Mexicali, B.C., tiene la convicci\u00f3n de proteger la informaci\u00f3n personal proporcionada por sus usuarios (en adelante \u201cDatos Personales\u201d) y es el responsable de su Tratamiento (t\u00e9rmino que se define m\u00e1s adelante) cuando sean recabados a trav\u00e9s del sitio de Internet www.casacreala.com (en adelante el \u201cSitio\u201d), www.creala.tv, www.lomixto.com y www.talentos.xyz medios impresos y\/o v\u00eda telef\u00f3nica (en adelante \u201cOtros Medios\u201d). FINALIDAD DEL TRATAMIENTO. Casacreala podr\u00e1 solicitar y\/o recabar a trav\u00e9s del Sitio y Otros Medios, Datos Personales de los usuarios para [&hellip;]<\/p>\n","protected":false},"author":1,"featured_media":0,"parent":0,"menu_order":0,"comment_status":"closed","ping_status":"closed","template":"","meta":{"footnotes":""},"class_list":["post-15616","page","type-page","status-publish","hentry"],"meta_box":{"bk_page_description":"","bk_page_header_style":"global_settings","bk_page_feat_img":"global_settings","bk_page_layout":"no_sidebar","bk_page_sidebar_select":"global_settings","bk_page_sidebar_position":"global_settings","bk_page_sidebar_sticky":"global_settings"},"_links":{"self":[{"href":"https:\/\/www.lomixto.com\/blog\/wp-json\/wp\/v2\/pages\/15616","targetHints":{"allow":["GET"]}}],"collection":[{"href":"https:\/\/www.lomixto.com\/blog\/wp-json\/wp\/v2\/pages"}],"about":[{"href":"https:\/\/www.lomixto.com\/blog\/wp-json\/wp\/v2\/types\/page"}],"author":[{"embeddable":true,"href":"https:\/\/www.lomixto.com\/blog\/wp-json\/wp\/v2\/users\/1"}],"replies":[{"embeddable":true,"href":"https:\/\/www.lomixto.com\/blog\/wp-json\/wp\/v2\/comments?post=15616"}],"version-history":[{"count":0,"href":"https:\/\/www.lomixto.com\/blog\/wp-json\/wp\/v2\/pages\/15616\/revisions"}],"wp:attachment":[{"href":"https:\/\/www.lomixto.com\/blog\/wp-json\/wp\/v2\/media?parent=15616"}],"curies":[{"name":"wp","href":"https:\/\/api.w.org\/{rel}","templated":true}]}}