{"id":2,"date":"2017-11-15T15:01:00","date_gmt":"2017-11-15T15:01:00","guid":{"rendered":"http:\/\/www.bananaslit.com\/blog\/?page_id=2"},"modified":"2022-07-27T00:38:32","modified_gmt":"2022-07-27T07:38:32","slug":"about","status":"publish","type":"page","link":"https:\/\/www.lomixto.com\/blog\/about\/","title":{"rendered":"\u00bf Qu\u00e9 es #LoMixto ?"},"content":{"rendered":"<h2>Informaci\u00f3n no escencial de ciencia, historia, sociales y mundo pop<\/h2>\n<p><\/p>\n<blockquote>\n<p>\u00abD\u00edcese de lo formado por la reuni\u00f3n de elementos de naturaleza distinta\u00bb<\/p>\n<\/blockquote>\n<p>Lo Mixto es<strong> informaci\u00f3n curiosa<\/strong> de ciencia, historia, sociales y mundo pop. Este show desaf\u00eda lo que crees, te muestra temas interesantes de maneras inusuales, novedades en tecnolog\u00eda, cultura pop y emprendimiento, explora diferentes perspectivas y te inspira a aprender m\u00e1s del mundo y mover a la gente alrededor de ti.<\/p>\n\n\n<p><\/p>\n\n\n\n<figure class=\"wp-block-image size-full is-resized\"><img decoding=\"async\" src=\"http:\/\/www.lomixto.com\/blog\/contenidos\/2022\/07\/lomixxtoo.jpg\" alt=\"\" class=\"wp-image-16719\" width=\"812\" height=\"475\"\/><\/figure>\n\n\n\n<p><\/p>\n\n\n\n<figure class=\"wp-block-embed is-type-video is-provider-youtube wp-block-embed-youtube wp-embed-aspect-16-9 wp-has-aspect-ratio\"><div class=\"wp-block-embed__wrapper\">\n<div class=\"mnmd-responsive-video\"><iframe title=\"Demo Lo Mixto TV\" width=\"1200\" height=\"675\" src=\"https:\/\/www.youtube.com\/embed\/KwwKpKOFvFE?feature=oembed\" frameborder=\"0\" allow=\"accelerometer; autoplay; clipboard-write; encrypted-media; gyroscope; picture-in-picture\" allowfullscreen><\/iframe><\/div>\n<\/div><\/figure>\n\n\n\n<h1 class=\"wp-block-heading\">Sobre CreaLaTV<\/h1>\n\n\n\n<p>Crealatv es TV+Web con podcast, entrevistas, shows en vivo, informativos y videoensayos, que se distribuye en redes sociales y televisi\u00f3n tradicional. <a href=\"https:\/\/www.youtube.com\/hashtag\/hazloreal\">#HazloReal<\/a> <\/p>\n\n\n\n<p>A partir de 2019 creamos m\u00e1s de 10 horas semanales de programaci\u00f3n que pueden ser vistos en diversas ventanas digitales, tales como Roku, Facebook, Youtube, LBRY y Twitch. Adem\u00e1s de continuar siendo parte de la programaci\u00f3n de diversos canales de televisi\u00f3n.<\/p>\n\n\n\n<p>CREALATV es red de creadores pionera en Latinoam\u00e9rica, dedicada a empoderar a creadores como t\u00fa desde 2011. Te conectamos con una comunidad de creadores colaborativa, ofrecemos todas las herramientas necesarias para llevar tu creatividad al siguiente nivel, y optimizar sus videos para el \u00e9xito.<\/p>\n\n\n\n<figure class=\"wp-block-embed is-type-video is-provider-youtube wp-block-embed-youtube wp-embed-aspect-16-9 wp-has-aspect-ratio\"><div class=\"wp-block-embed__wrapper\">\n<div class=\"mnmd-responsive-video\"><iframe title=\"Esto es crealatv\" width=\"1200\" height=\"675\" src=\"https:\/\/www.youtube.com\/embed\/2ztNF-HCuKE?feature=oembed\" frameborder=\"0\" allow=\"accelerometer; autoplay; clipboard-write; encrypted-media; gyroscope; picture-in-picture\" allowfullscreen><\/iframe><\/div>\n<\/div><\/figure>\n\n\n\n<figure class=\"wp-block-image size-full\"><img decoding=\"async\" width=\"800\" height=\"412\" src=\"https:\/\/www.lomixto.com\/blog\/contenidos\/2022\/07\/tvshows-crealatv.jpg\" alt=\"\" class=\"wp-image-16722\"\/><\/figure>\n","protected":false},"excerpt":{"rendered":"<p>Informaci\u00f3n no escencial de ciencia, historia, sociales y mundo pop \u00abD\u00edcese de lo formado por la reuni\u00f3n de elementos de naturaleza distinta\u00bb Lo Mixto es informaci\u00f3n curiosa de ciencia, historia, sociales y mundo pop. Este show desaf\u00eda lo que crees, te muestra temas interesantes de maneras inusuales, novedades en tecnolog\u00eda, cultura pop y emprendimiento, explora diferentes perspectivas y te inspira a aprender m\u00e1s del mundo y mover a la gente alrededor de ti. Sobre CreaLaTV Crealatv es TV+Web con podcast, entrevistas, shows en vivo, informativos y videoensayos, que se distribuye en redes sociales y televisi\u00f3n tradicional. #HazloReal A partir de [&hellip;]<\/p>\n","protected":false},"author":1,"featured_media":0,"parent":0,"menu_order":0,"comment_status":"closed","ping_status":"closed","template":"","meta":{"footnotes":""},"class_list":["post-2","page","type-page","status-publish","hentry"],"meta_box":{"bk_page_description":"","bk_page_header_style":"global_settings","bk_page_feat_img":"global_settings","bk_page_layout":"global_settings","bk_page_sidebar_select":"global_settings","bk_page_sidebar_position":"global_settings","bk_page_sidebar_sticky":"global_settings"},"_links":{"self":[{"href":"https:\/\/www.lomixto.com\/blog\/wp-json\/wp\/v2\/pages\/2","targetHints":{"allow":["GET"]}}],"collection":[{"href":"https:\/\/www.lomixto.com\/blog\/wp-json\/wp\/v2\/pages"}],"about":[{"href":"https:\/\/www.lomixto.com\/blog\/wp-json\/wp\/v2\/types\/page"}],"author":[{"embeddable":true,"href":"https:\/\/www.lomixto.com\/blog\/wp-json\/wp\/v2\/users\/1"}],"replies":[{"embeddable":true,"href":"https:\/\/www.lomixto.com\/blog\/wp-json\/wp\/v2\/comments?post=2"}],"version-history":[{"count":0,"href":"https:\/\/www.lomixto.com\/blog\/wp-json\/wp\/v2\/pages\/2\/revisions"}],"wp:attachment":[{"href":"https:\/\/www.lomixto.com\/blog\/wp-json\/wp\/v2\/media?parent=2"}],"curies":[{"name":"wp","href":"https:\/\/api.w.org\/{rel}","templated":true}]}}